{"id":62508,"date":"2019-07-17T13:53:15","date_gmt":"2019-07-17T10:53:15","guid":{"rendered":"https:\/\/elitecars.lv\/contacts\/"},"modified":"2019-07-17T13:53:15","modified_gmt":"2019-07-17T10:53:15","slug":"contacts","status":"publish","type":"page","link":"https:\/\/elitecars.lv\/en\/contacts\/","title":{"rendered":"Contacts"},"content":{"rendered":"\t\t<div data-elementor-type=\"wp-post\" data-elementor-id=\"62508\" class=\"elementor elementor-62508 elementor-1525\" data-elementor-post-type=\"page\">\n\t\t\t\t\t\t<section class=\"elementor-section elementor-top-section elementor-element elementor-element-fc0979b elementor-section-boxed elementor-section-height-default elementor-section-height-default\" data-id=\"fc0979b\" data-element_type=\"section\">\n\t\t\t\t\t\t<div class=\"elementor-container elementor-column-gap-default\">\n\t\t\t\t\t<div class=\"elementor-column elementor-col-100 elementor-top-column elementor-element elementor-element-10be183\" data-id=\"10be183\" data-element_type=\"column\">\n\t\t\t<div class=\"elementor-widget-wrap elementor-element-populated\">\n\t\t\t\t\t\t<div class=\"elementor-element elementor-element-43a1c95 elementor-widget elementor-widget-spacer\" data-id=\"43a1c95\" data-element_type=\"widget\" data-widget_type=\"spacer.default\">\n\t\t\t\t<div class=\"elementor-widget-container\">\n\t\t\t\t\t<div class=\"elementor-spacer\">\n\t\t\t<div class=\"elementor-spacer-inner\"><\/div>\n\t\t<\/div>\n\t\t\t\t<\/div>\n\t\t\t\t<\/div>\n\t\t\t\t\t<\/div>\n\t\t<\/div>\n\t\t\t\t\t<\/div>\n\t\t<\/section>\n\t\t\t\t<section class=\"elementor-section elementor-top-section elementor-element elementor-element-6509ce9 elementor-section-boxed elementor-section-height-default elementor-section-height-default\" data-id=\"6509ce9\" data-element_type=\"section\">\n\t\t\t\t\t\t<div class=\"elementor-container elementor-column-gap-default\">\n\t\t\t\t\t<div class=\"elementor-column elementor-col-50 elementor-top-column elementor-element elementor-element-951cf7b\" data-id=\"951cf7b\" data-element_type=\"column\">\n\t\t\t<div class=\"elementor-widget-wrap elementor-element-populated\">\n\t\t\t\t\t\t<div class=\"elementor-element elementor-element-8de1214 elementor-widget elementor-widget-heading\" data-id=\"8de1214\" data-element_type=\"widget\" data-widget_type=\"heading.default\">\n\t\t\t\t<div class=\"elementor-widget-container\">\n\t\t\t<h1 class=\"elementor-heading-title elementor-size-default\">Kontakti<\/h1>\t\t<\/div>\n\t\t\t\t<\/div>\n\t\t\t\t<div class=\"elementor-element elementor-element-0fb9abf elementor-widget elementor-widget-spacer\" data-id=\"0fb9abf\" data-element_type=\"widget\" data-widget_type=\"spacer.default\">\n\t\t\t\t<div class=\"elementor-widget-container\">\n\t\t\t\t\t<div class=\"elementor-spacer\">\n\t\t\t<div class=\"elementor-spacer-inner\"><\/div>\n\t\t<\/div>\n\t\t\t\t<\/div>\n\t\t\t\t<\/div>\n\t\t\t\t<div class=\"elementor-element elementor-element-371b2b4 elementor-widget__width-initial elementor-widget elementor-widget-vehica_short_info_general_widget\" data-id=\"371b2b4\" data-element_type=\"widget\" data-settings=\"{&quot;vehica_short_info_text_align_mobile&quot;:&quot;center&quot;}\" data-widget_type=\"vehica_short_info_general_widget.default\">\n\t\t\t\t<div class=\"elementor-widget-container\">\n\t\t\t    <div class=\"vehica-short-info\">\r\n        <div class=\"vehica-short-info__inner\">\r\n            Pal\u012bdz\u0113sim Jums atrast un pieg\u0101d\u0101t kvalitat\u012bvu automa\u0161\u012bnu ar p\u0101rbaud\u012btu v\u0113sturi. M\u0113s sadarbojamies ar liel\u0101kaj\u0101m automa\u0161\u012bnu izsol\u0113m un tirdzniec\u012bbas port\u0101liem Eirop\u0101.        <\/div>\r\n    <\/div>\r\n\t\t<\/div>\n\t\t\t\t<\/div>\n\t\t\t\t<div class=\"elementor-element elementor-element-abab244 elementor-widget elementor-widget-spacer\" data-id=\"abab244\" data-element_type=\"widget\" data-widget_type=\"spacer.default\">\n\t\t\t\t<div class=\"elementor-widget-container\">\n\t\t\t\t\t<div class=\"elementor-spacer\">\n\t\t\t<div class=\"elementor-spacer-inner\"><\/div>\n\t\t<\/div>\n\t\t\t\t<\/div>\n\t\t\t\t<\/div>\n\t\t\t\t<div class=\"elementor-element elementor-element-c2e591b elementor-widget elementor-widget-text-editor\" data-id=\"c2e591b\" data-element_type=\"widget\" data-widget_type=\"text-editor.default\">\n\t\t\t\t<div class=\"elementor-widget-container\">\n\t\t\t\t\t\t\t<p><strong>Elite Cars SIA<\/strong><\/p><p>Juridisk\u0101 adrese: Zemzaru iela 3, M\u0101rupe, LV-2167<\/p><p>Autosalona adrese: Zemzaru iela 3, M\u0101rupe, LV-2167<\/p><p>Re\u0123. Nr. 44103125974<\/p><p>PVN Re\u0123.Nr. LV44103125974<\/p><p>Banka: Citadele banka AS<\/p><p>SWIFT kods: PARXLV22<\/p><p>Konta Nr.: LV36PARX0022730790001<\/p>\t\t\t\t\t\t<\/div>\n\t\t\t\t<\/div>\n\t\t\t\t<div class=\"elementor-element elementor-element-3469735 elementor-widget elementor-widget-text-editor\" data-id=\"3469735\" data-element_type=\"widget\" data-widget_type=\"text-editor.default\">\n\t\t\t\t<div class=\"elementor-widget-container\">\n\t\t\t\t\t\t\t<p><strong>Darba laiks:<\/strong><\/p><p>P.-Pk. 09:00 &#8211; 18:00<\/p><p>Se. 10:00 &#8211; 13:00<\/p>\t\t\t\t\t\t<\/div>\n\t\t\t\t<\/div>\n\t\t\t\t<div class=\"elementor-element elementor-element-51d8fb6 elementor-widget elementor-widget-spacer\" data-id=\"51d8fb6\" data-element_type=\"widget\" data-widget_type=\"spacer.default\">\n\t\t\t\t<div class=\"elementor-widget-container\">\n\t\t\t\t\t<div class=\"elementor-spacer\">\n\t\t\t<div class=\"elementor-spacer-inner\"><\/div>\n\t\t<\/div>\n\t\t\t\t<\/div>\n\t\t\t\t<\/div>\n\t\t\t\t<div class=\"elementor-element elementor-element-b74f263 elementor-mobile-align-center elementor-icon-list--layout-traditional elementor-list-item-link-full_width elementor-widget elementor-widget-icon-list\" data-id=\"b74f263\" data-element_type=\"widget\" data-widget_type=\"icon-list.default\">\n\t\t\t\t<div class=\"elementor-widget-container\">\n\t\t\t\t\t<ul class=\"elementor-icon-list-items\">\n\t\t\t\t\t\t\t<li class=\"elementor-icon-list-item\">\n\t\t\t\t\t\t\t\t\t\t\t<a href=\"https:\/\/ul.waze.com\/ul?place=EjdaZW16YXJ1IGllbGEsIE3EgXJ1cGUsIE3EgXJ1cGVzIG5vdmFkcywgTFYtMjE2NywgTGF0dmlhIi4qLAoUChIJAX70lHfQ7kYRUDVAtRRyqfkSFAoSCa8GcaAE2u5GEXAZ82jNzwAE&#038;ll=56.92648730%2C24.02362790&#038;navigate=yes&#038;utm_campaign=default&#038;utm_source=waze_website&#038;utm_medium=lm_share_location\" target=\"_blank\" rel=\"noopener\">\n\n\t\t\t\t\t\t\t\t\t\t\t\t<span class=\"elementor-icon-list-icon\">\n\t\t\t\t\t\t\t<i aria-hidden=\"true\" class=\"fab fa-waze\"><\/i>\t\t\t\t\t\t<\/span>\n\t\t\t\t\t\t\t\t\t\t<span class=\"elementor-icon-list-text\">Sa\u0146emt nor\u0101des Waze<\/span>\n\t\t\t\t\t\t\t\t\t\t\t<\/a>\n\t\t\t\t\t\t\t\t\t<\/li>\n\t\t\t\t\t\t\t\t<li class=\"elementor-icon-list-item\">\n\t\t\t\t\t\t\t\t\t\t\t<a href=\"https:\/\/goo.gl\/maps\/sstBZqZUXKKpLmQX8\" target=\"_blank\" rel=\"noopener\">\n\n\t\t\t\t\t\t\t\t\t\t\t\t<span class=\"elementor-icon-list-icon\">\n\t\t\t\t\t\t\t<i aria-hidden=\"true\" class=\"fas fa-map-marker-alt\"><\/i>\t\t\t\t\t\t<\/span>\n\t\t\t\t\t\t\t\t\t\t<span class=\"elementor-icon-list-text\">Sa\u0146emt nor\u0101des Google Maps<\/span>\n\t\t\t\t\t\t\t\t\t\t\t<\/a>\n\t\t\t\t\t\t\t\t\t<\/li>\n\t\t\t\t\t\t<\/ul>\n\t\t\t\t<\/div>\n\t\t\t\t<\/div>\n\t\t\t\t<div class=\"elementor-element elementor-element-19f77d5 elementor-widget elementor-widget-spacer\" data-id=\"19f77d5\" data-element_type=\"widget\" data-widget_type=\"spacer.default\">\n\t\t\t\t<div class=\"elementor-widget-container\">\n\t\t\t\t\t<div class=\"elementor-spacer\">\n\t\t\t<div class=\"elementor-spacer-inner\"><\/div>\n\t\t<\/div>\n\t\t\t\t<\/div>\n\t\t\t\t<\/div>\n\t\t\t\t<div class=\"elementor-element elementor-element-9c44801 elementor-widget elementor-widget-vehica_phone_general_widget\" data-id=\"9c44801\" data-element_type=\"widget\" data-settings=\"{&quot;vehica_phone_text_align&quot;:&quot;left&quot;,&quot;vehica_phone_text_align_mobile&quot;:&quot;center&quot;}\" data-widget_type=\"vehica_phone_general_widget.default\">\n\t\t\t\t<div class=\"elementor-widget-container\">\n\t\t\t    <div class=\"vehica-phone\">\r\n        <div class=\"vehica-phone-v1\">\r\n            <a\r\n                    class=\"vehica-phone-highlight\"\r\n                    href=\"tel:+37120484411\"\r\n            >\r\n                +371 20484411            <\/a>\r\n        <\/div>\r\n    <\/div>\r\n\t\t<\/div>\n\t\t\t\t<\/div>\n\t\t\t\t<div class=\"elementor-element elementor-element-29172f4 elementor-widget elementor-widget-spacer\" data-id=\"29172f4\" data-element_type=\"widget\" data-widget_type=\"spacer.default\">\n\t\t\t\t<div class=\"elementor-widget-container\">\n\t\t\t\t\t<div class=\"elementor-spacer\">\n\t\t\t<div class=\"elementor-spacer-inner\"><\/div>\n\t\t<\/div>\n\t\t\t\t<\/div>\n\t\t\t\t<\/div>\n\t\t\t\t<div class=\"elementor-element elementor-element-92e9f03 elementor-widget elementor-widget-vehica_email_general_widget\" data-id=\"92e9f03\" data-element_type=\"widget\" data-settings=\"{&quot;vehica_email_text_align_mobile&quot;:&quot;center&quot;}\" data-widget_type=\"vehica_email_general_widget.default\">\n\t\t\t\t<div class=\"elementor-widget-container\">\n\t\t\t    <div class=\"vehica-email\">\r\n        <a href=\"mailto:info@elitecars.lv\">\r\n                            <i class=\"fa fa-envelope\"><\/i>\r\n            \r\n            info@elitecars.lv        <\/a>\r\n    <\/div>\r\n\t\t<\/div>\n\t\t\t\t<\/div>\n\t\t\t\t<div class=\"elementor-element elementor-element-eada953 elementor-widget elementor-widget-spacer\" data-id=\"eada953\" data-element_type=\"widget\" data-widget_type=\"spacer.default\">\n\t\t\t\t<div class=\"elementor-widget-container\">\n\t\t\t\t\t<div class=\"elementor-spacer\">\n\t\t\t<div class=\"elementor-spacer-inner\"><\/div>\n\t\t<\/div>\n\t\t\t\t<\/div>\n\t\t\t\t<\/div>\n\t\t\t\t<div class=\"elementor-element elementor-element-c38ea9e vehica-social-profiles-mobile-block elementor-widget elementor-widget-vehica_social_profiles_general_widget\" data-id=\"c38ea9e\" data-element_type=\"widget\" data-settings=\"{&quot;vehica_social_profiles_text_align_mobile&quot;:&quot;center&quot;}\" data-widget_type=\"vehica_social_profiles_general_widget.default\">\n\t\t\t\t<div class=\"elementor-widget-container\">\n\t\t\t<div class=\"vehica-social-profiles\">\r\n            <div class=\"vehica-social-profiles__v2\">\r\n            <div class=\"vehica-social-profiles__v2__inner\">\r\n                <div class=\"vehica-social-profiles__v2__title\">\r\n                    Seko mums                <\/div>\r\n                <div class=\"vehica-social-icon\">\r\n                    <a href=\"https:\/\/www.tiktok.com\/@elitecars.lv\" title=\"TikTok\" target=\"_blank\">\r\n                        <i><svg style=\"width; 16px; height: 16px;transform: translateY(8%);\" xmlns=\"http:\/\/www.w3.org\/2000\/svg\" viewBox=\"0 0 448 512\"><<path fill=\"#222732\" d=\"M448 209.9a210.1 210.1 0 0 1 -122.8-39.3V349.4A162.6 162.6 0 1 1 185 188.3V278.2a74.6 74.6 0 1 0 52.2 71.2V0l88 0a121.2 121.2 0 0 0 1.9 22.2h0A122.2 122.2 0 0 0 381 102.4a121.4 121.4 0 0 0 67 20.1z\"\/><\/svg><\/i>\r\n                    <\/a>\r\n                <\/div>\r\n                                    <div class=\"vehica-social-icon\">\r\n                        <a href=\"https:\/\/www.facebook.com\/Elitecars.lv\" title=\"Facebook\" target=\"_blank\" rel=\"noopener\">\r\n                            <i class=\"fab fa-facebook-f\"><\/i>\r\n                        <\/a>\r\n                    <\/div>\r\n                \r\n                \r\n                                    <div class=\"vehica-social-icon\">\r\n                        <a href=\"https:\/\/www.instagram.com\/elitecars.lv\/\" title=\"Instagram\" target=\"_blank\">\r\n                            <i class=\"fab fa-instagram\"><\/i>\r\n                        <\/a>\r\n                    <\/div>\r\n                \r\n                \r\n                            <\/div>\r\n        <\/div>\r\n    <\/div>\t\t<\/div>\n\t\t\t\t<\/div>\n\t\t\t\t\t<\/div>\n\t\t<\/div>\n\t\t\t\t<div class=\"elementor-column elementor-col-50 elementor-top-column elementor-element elementor-element-bc08349\" data-id=\"bc08349\" data-element_type=\"column\">\n\t\t\t<div class=\"elementor-widget-wrap elementor-element-populated\">\n\t\t\t\t\t\t<section class=\"elementor-section elementor-inner-section elementor-element elementor-element-635b438 vehica-contact-page-form elementor-section-boxed elementor-section-height-default elementor-section-height-default\" data-id=\"635b438\" data-element_type=\"section\">\n\t\t\t\t\t\t<div class=\"elementor-container elementor-column-gap-default\">\n\t\t\t\t\t<div class=\"elementor-column elementor-col-100 elementor-inner-column elementor-element elementor-element-a356fcf\" data-id=\"a356fcf\" data-element_type=\"column\" data-settings=\"{&quot;background_background&quot;:&quot;classic&quot;}\">\n\t\t\t<div class=\"elementor-widget-wrap elementor-element-populated\">\n\t\t\t\t\t\t<div class=\"elementor-element elementor-element-2a7c406 elementor-widget elementor-widget-vehica_contact_form_general_widget\" data-id=\"2a7c406\" data-element_type=\"widget\" data-widget_type=\"vehica_contact_form_general_widget.default\">\n\t\t\t\t<div class=\"elementor-widget-container\">\n\t\t\t<div class=\"vehica-contact-form\">\r\n    \n<div class=\"wpcf7 no-js\" id=\"wpcf7-f18047-o1\" lang=\"en-US\" dir=\"ltr\" data-wpcf7-id=\"18047\">\n<div class=\"screen-reader-response\"><p role=\"status\" aria-live=\"polite\" aria-atomic=\"true\"><\/p> <ul><\/ul><\/div>\n<form action=\"\/en\/wp-json\/wp\/v2\/pages\/62508#wpcf7-f18047-o1\" method=\"post\" class=\"wpcf7-form init\" aria-label=\"Contact form\" novalidate=\"novalidate\" data-status=\"init\">\n<fieldset class=\"hidden-fields-container\"><input type=\"hidden\" name=\"_wpcf7\" value=\"18047\" \/><input type=\"hidden\" name=\"_wpcf7_version\" value=\"6.1.5\" \/><input type=\"hidden\" name=\"_wpcf7_locale\" value=\"en_US\" \/><input type=\"hidden\" name=\"_wpcf7_unit_tag\" value=\"wpcf7-f18047-o1\" \/><input type=\"hidden\" name=\"_wpcf7_container_post\" value=\"0\" \/><input type=\"hidden\" name=\"_wpcf7_posted_data_hash\" value=\"\" \/>\n<\/fieldset>\n<div class=\"clearfix\">\n\t<div class=\"vehica-3-fields\">\n\t\t<div class=\"vehica-3-fields__left\">\n\t\t\t<p><span class=\"wpcf7-form-control-wrap\" data-name=\"your-name\"><input size=\"40\" maxlength=\"400\" class=\"wpcf7-form-control wpcf7-text\" aria-invalid=\"false\" placeholder=\"V\u0101rds\" value=\"\" type=\"text\" name=\"your-name\" \/><\/span>\n\t\t\t<\/p>\n\t\t<\/div>\n\t\t<div class=\"vehica-3-fields__middle\">\n\t\t\t<p><span class=\"wpcf7-form-control-wrap\" data-name=\"your-email\"><input size=\"40\" maxlength=\"400\" class=\"wpcf7-form-control wpcf7-email wpcf7-validates-as-required wpcf7-text wpcf7-validates-as-email\" aria-required=\"true\" aria-invalid=\"false\" placeholder=\"E-pasts*\" value=\"\" type=\"email\" name=\"your-email\" \/><\/span>\n\t\t\t<\/p>\n\t\t<\/div>\n\t\t<div class=\"vehica-3-fields__right\">\n\t\t\t<p><span class=\"wpcf7-form-control-wrap\" data-name=\"your-phone\"><input size=\"40\" maxlength=\"400\" class=\"wpcf7-form-control wpcf7-text\" aria-invalid=\"false\" placeholder=\"Telefons\" value=\"\" type=\"text\" name=\"your-phone\" \/><\/span>\n\t\t\t<\/p>\n\t\t<\/div>\n\t<\/div>\n\t<p><span class=\"wpcf7-form-control-wrap\" data-name=\"your-message\"><textarea cols=\"40\" rows=\"10\" maxlength=\"2000\" class=\"wpcf7-form-control wpcf7-textarea wpcf7-validates-as-required\" aria-required=\"true\" aria-invalid=\"false\" placeholder=\"Zi\u0146a*\" name=\"your-message\"><\/textarea><\/span>\n\t<\/p>\n\t<div class=\"vehica-2-fields\">\n\t\t<div class=\"vehica-2-fields__left vehica-checkbox-policy\">\n\t\t\t<p><span class=\"wpcf7-form-control-wrap\" data-name=\"vehica-accept-popup\"><span class=\"wpcf7-form-control wpcf7-acceptance\"><span class=\"wpcf7-list-item\"><label><input type=\"checkbox\" name=\"vehica-accept-popup\" value=\"1\" aria-invalid=\"false\" \/><span class=\"wpcf7-list-item-label\">Piekr\u012btu <a href=\"\/privatuma-politika\">priv\u0101tuma politikai<\/a><\/span><\/label><\/span><\/span><\/span>\n\t\t\t<\/p>\n\t\t<\/div>\n\t\t<div class=\"vehica-2-fields__right\">\n\t\t\t<p><button id=\"submit\" class=\"wpcf7-form-control wpcf7-submit vehica-button vehica-button--icon vehica-button--icon--send\">S\u016bt\u012bt<\/button>\n\t\t\t<\/p>\n\t\t<\/div>\n\t<\/div>\n<\/div><div class=\"wpcf7-response-output\" aria-hidden=\"true\"><\/div>\n<\/form>\n<\/div>\n<\/div>\r\n\t\t<\/div>\n\t\t\t\t<\/div>\n\t\t\t\t\t<\/div>\n\t\t<\/div>\n\t\t\t\t\t<\/div>\n\t\t<\/section>\n\t\t\t\t\t<\/div>\n\t\t<\/div>\n\t\t\t\t\t<\/div>\n\t\t<\/section>\n\t\t\t\t<section class=\"elementor-section elementor-top-section elementor-element elementor-element-c84dabf elementor-section-boxed elementor-section-height-default elementor-section-height-default\" data-id=\"c84dabf\" data-element_type=\"section\">\n\t\t\t\t\t\t<div class=\"elementor-container elementor-column-gap-default\">\n\t\t\t\t\t<div class=\"elementor-column elementor-col-100 elementor-top-column elementor-element elementor-element-15841aa\" data-id=\"15841aa\" data-element_type=\"column\">\n\t\t\t<div class=\"elementor-widget-wrap elementor-element-populated\">\n\t\t\t\t\t\t<div class=\"elementor-element elementor-element-afdef01 elementor-widget elementor-widget-spacer\" data-id=\"afdef01\" data-element_type=\"widget\" data-widget_type=\"spacer.default\">\n\t\t\t\t<div class=\"elementor-widget-container\">\n\t\t\t\t\t<div class=\"elementor-spacer\">\n\t\t\t<div class=\"elementor-spacer-inner\"><\/div>\n\t\t<\/div>\n\t\t\t\t<\/div>\n\t\t\t\t<\/div>\n\t\t\t\t<div class=\"elementor-element elementor-element-960bbf6 elementor-widget elementor-widget-vehica_map_general_widget\" data-id=\"960bbf6\" data-element_type=\"widget\" data-settings=\"{&quot;height_tablet&quot;:{&quot;unit&quot;:&quot;px&quot;,&quot;size&quot;:400,&quot;sizes&quot;:[]},&quot;height&quot;:{&quot;unit&quot;:&quot;px&quot;,&quot;size&quot;:640,&quot;sizes&quot;:[]},&quot;height_mobile&quot;:{&quot;unit&quot;:&quot;px&quot;,&quot;size&quot;:&quot;&quot;,&quot;sizes&quot;:[]},&quot;map_border_radius&quot;:{&quot;unit&quot;:&quot;px&quot;,&quot;top&quot;:&quot;&quot;,&quot;right&quot;:&quot;&quot;,&quot;bottom&quot;:&quot;&quot;,&quot;left&quot;:&quot;&quot;,&quot;isLinked&quot;:true},&quot;map_border_radius_tablet&quot;:{&quot;unit&quot;:&quot;px&quot;,&quot;top&quot;:&quot;&quot;,&quot;right&quot;:&quot;&quot;,&quot;bottom&quot;:&quot;&quot;,&quot;left&quot;:&quot;&quot;,&quot;isLinked&quot;:true},&quot;map_border_radius_mobile&quot;:{&quot;unit&quot;:&quot;px&quot;,&quot;top&quot;:&quot;&quot;,&quot;right&quot;:&quot;&quot;,&quot;bottom&quot;:&quot;&quot;,&quot;left&quot;:&quot;&quot;,&quot;isLinked&quot;:true}}\" data-widget_type=\"vehica_map_general_widget.default\">\n\t\t\t\t<div class=\"elementor-widget-container\">\n\t\t\t\r\n<div class=\"vehica-app\">\r\n    <vehica-advanced-map\r\n            :zoom=\"12\"\r\n            address=\"Zemzaru iela 3, R\u012bga, Latvija, LV-2167\"\r\n            :lat=\"56.926379856309\"\r\n            :lng=\"24.021092815168\"\r\n            icon=\"\"\r\n            :snazzy=\"true\"\r\n            :show-info-window=\"false\"\r\n            marker-type=\"big\"\r\n            >\r\n        <div slot-scope=\"advancedMap\">\r\n            <div class=\"vehica-map vehica-map--marker-big\"><\/div>\r\n                    <\/div>\r\n    <\/vehica-advanced-map>\r\n<\/div>\t\t<\/div>\n\t\t\t\t<\/div>\n\t\t\t\t<div class=\"elementor-element elementor-element-fd71c0b elementor-widget elementor-widget-spacer\" data-id=\"fd71c0b\" data-element_type=\"widget\" data-widget_type=\"spacer.default\">\n\t\t\t\t<div class=\"elementor-widget-container\">\n\t\t\t\t\t<div class=\"elementor-spacer\">\n\t\t\t<div class=\"elementor-spacer-inner\"><\/div>\n\t\t<\/div>\n\t\t\t\t<\/div>\n\t\t\t\t<\/div>\n\t\t\t\t\t<\/div>\n\t\t<\/div>\n\t\t\t\t\t<\/div>\n\t\t<\/section>\n\t\t\t\t<\/div>\n\t\t","protected":false},"excerpt":{"rendered":"<p>Contacts We will help you find and deliver a quality car with a verified history. We collaborate with major car auctions and sales portals across Europe. Elite Cars SIA Legal address: Zemzaru iela 3, M\u0101rupe, LV-2167 Car showroom address: Zemzaru iela 3, M\u0101rupe, LV-2167 Reg. No. 44103125974 VAT Reg. No. LV44103125974 Bank: Citadele banka AS [&hellip;]<\/p>\n","protected":false},"author":1,"featured_media":0,"parent":0,"menu_order":0,"comment_status":"closed","ping_status":"closed","template":"","meta":{"_acf_changed":false,"footnotes":""},"class_list":["post-62508","page","type-page","status-publish","hentry"],"acf":[],"_links":{"self":[{"href":"https:\/\/elitecars.lv\/en\/wp-json\/wp\/v2\/pages\/62508","targetHints":{"allow":["GET"]}}],"collection":[{"href":"https:\/\/elitecars.lv\/en\/wp-json\/wp\/v2\/pages"}],"about":[{"href":"https:\/\/elitecars.lv\/en\/wp-json\/wp\/v2\/types\/page"}],"author":[{"embeddable":true,"href":"https:\/\/elitecars.lv\/en\/wp-json\/wp\/v2\/users\/1"}],"replies":[{"embeddable":true,"href":"https:\/\/elitecars.lv\/en\/wp-json\/wp\/v2\/comments?post=62508"}],"version-history":[{"count":0,"href":"https:\/\/elitecars.lv\/en\/wp-json\/wp\/v2\/pages\/62508\/revisions"}],"wp:attachment":[{"href":"https:\/\/elitecars.lv\/en\/wp-json\/wp\/v2\/media?parent=62508"}],"curies":[{"name":"wp","href":"https:\/\/api.w.org\/{rel}","templated":true}]}}